{"id":5,"date":"2025-06-15T00:41:35","date_gmt":"2025-06-14T22:41:35","guid":{"rendered":"https:\/\/turnaround.cz\/restrukturalizacni-forum-2025\/?page_id=5"},"modified":"2025-10-09T14:36:31","modified_gmt":"2025-10-09T12:36:31","slug":"informace","status":"publish","type":"page","link":"https:\/\/turnaround.cz\/restrukturalizacni-forum-2025\/","title":{"rendered":"Informace"},"content":{"rendered":"\n<p><strong>13. ro\u010dn\u00edk Restrukturaliza\u010dn\u00edho f\u00f3ra 2025<\/strong><\/p>\n\n\n\n<p><strong>Datum kon\u00e1n\u00ed:<\/strong><br>27. listopadu 2025<\/p>\n\n\n\n<p><strong>M\u00edsto kon\u00e1n\u00ed:<\/strong><br>Kongresov\u00e9 centrum \u010cNB,<br>Senov\u00e1\u017en\u00e9 n\u00e1m. 30, Praha 1<\/p>\n\n\n\n<p><strong>Poplatek za \u00fa\u010dast:<\/strong><br> 4900 K\u010d (Turnaround Management Association nen\u00ed pl\u00e1tcem DPH) <br> \u00da\u010dast na after party zpoplatn\u011bna 600 K\u010d<\/p>\n\n\n\n<p><strong><a href=\"https:\/\/turnaround.cz\/restrukturalizacni-forum-2025\/registrace-2025\/\">Registrace<\/a><\/strong> <strong>nejpozd\u011bji do p\u00e1tku 21. listopadu 2025<\/strong> <strong>nebo do napln\u011bn\u00ed kapacity.<\/strong><\/p>\n\n\n\n<p><\/p>\n","protected":false},"excerpt":{"rendered":"<p>13. ro\u010dn\u00edk Restrukturaliza\u010dn\u00edho f\u00f3ra 2025 Datum kon\u00e1n\u00ed:27. listopadu 2025 M\u00edsto kon\u00e1n\u00ed:Kongresov\u00e9 centrum \u010cNB,Senov\u00e1\u017en\u00e9 n\u00e1m. 30, Praha 1 Poplatek za \u00fa\u010dast: 4900 K\u010d (Turnaround Management Association nen\u00ed pl\u00e1tcem DPH) \u00da\u010dast na after party zpoplatn\u011bna 600 K\u010d Registrace nejpozd\u011bji do p\u00e1tku 21. listopadu 2025 nebo do napln\u011bn\u00ed kapacity.<\/p>\n","protected":false},"author":3,"featured_media":0,"parent":0,"menu_order":0,"comment_status":"closed","ping_status":"closed","template":"","meta":{"ngg_post_thumbnail":0,"footnotes":""},"class_list":["post-5","page","type-page","status-publish","hentry"],"acf":[],"_links":{"self":[{"href":"https:\/\/turnaround.cz\/restrukturalizacni-forum-2025\/wp-json\/wp\/v2\/pages\/5","targetHints":{"allow":["GET"]}}],"collection":[{"href":"https:\/\/turnaround.cz\/restrukturalizacni-forum-2025\/wp-json\/wp\/v2\/pages"}],"about":[{"href":"https:\/\/turnaround.cz\/restrukturalizacni-forum-2025\/wp-json\/wp\/v2\/types\/page"}],"author":[{"embeddable":true,"href":"https:\/\/turnaround.cz\/restrukturalizacni-forum-2025\/wp-json\/wp\/v2\/users\/3"}],"replies":[{"embeddable":true,"href":"https:\/\/turnaround.cz\/restrukturalizacni-forum-2025\/wp-json\/wp\/v2\/comments?post=5"}],"version-history":[{"count":12,"href":"https:\/\/turnaround.cz\/restrukturalizacni-forum-2025\/wp-json\/wp\/v2\/pages\/5\/revisions"}],"predecessor-version":[{"id":73,"href":"https:\/\/turnaround.cz\/restrukturalizacni-forum-2025\/wp-json\/wp\/v2\/pages\/5\/revisions\/73"}],"wp:attachment":[{"href":"https:\/\/turnaround.cz\/restrukturalizacni-forum-2025\/wp-json\/wp\/v2\/media?parent=5"}],"curies":[{"name":"wp","href":"https:\/\/api.w.org\/{rel}","templated":true}]}}